{"id":26,"date":"2019-06-26T15:30:39","date_gmt":"2019-06-26T15:30:39","guid":{"rendered":"http:\/\/www.al-beyapi.com\/?page_id=26"},"modified":"2023-06-06T12:36:17","modified_gmt":"2023-06-06T12:36:17","slug":"iletisim","status":"publish","type":"page","link":"https:\/\/www.al-beyapi.com\/index.php\/iletisim\/","title":{"rendered":"\u0130leti\u015fim"},"content":{"rendered":"\n<p><strong>Fevzi \u00c7akmak Mahallesi Bozant\u0131 Caddesi Kurtulu\u015f Apartman\u0131 No: 52\/A Kocasinan, Kayseri, Turkey<\/strong><\/p>\n\n\n\n<p><strong>Gsm    : 0532 221 25 88<\/strong><\/p>\n\n\n\n<p><strong>E-Mail : info@al-beyapi.com<\/strong><\/p>\n\n\n<div style=\"overflow:hidden;width: 700px;position: relative;\"><iframe loading=\"lazy\" width=\"700\" height=\"440\" src=\"https:\/\/maps.google.com\/maps?width=700&amp;height=440&amp;hl=en&amp;q=AlBe%20Yap%C4%B1%20Kayseri%20American%20Siding%20B%C3%B6lge%20Bayi%20Malzeme%20Sat%C4%B1%C5%9F%C4%B1%20Uygulamas%C4%B1%20Tadilat%20Onar%C4%B1m+(Title)&amp;ie=UTF8&amp;t=&amp;z=10&amp;iwloc=B&amp;output=embed\" frameborder=\"0\" scrolling=\"no\" marginheight=\"0\" marginwidth=\"0\"><\/iframe><\/p>\n<div style=\"position: absolute;width: 80%;bottom: 10px;left: 0;right: 0;margin-left: auto;margin-right: auto;color: #000;text-align: center;\"><small style=\"line-height: 1.8;font-size: 2px;background: #fff;\">Powered by <a href=\"https:\/\/embedgooglemaps.com\/\">Embed Google Maps<\/a> &#038; <a href=\"https:\/\/laddbox.io\/\">https:\/\/laddbox.io\/<\/a><\/small><\/div>\n<style>#gmap_canvas img{max-width:none!important;background:none!important}<\/style>\n<\/div>\n<p><\/p>\n\n\n\n<h2 class=\"wp-block-heading\"><\/h2>\n\n\n\n<p><\/p>\n","protected":false},"excerpt":{"rendered":"<p>Fevzi \u00c7akmak Mahallesi Bozant\u0131 Caddesi Kurtulu\u015f Apartman\u0131 No: 52\/A Kocasinan, Kayseri, Turkey Gsm : 0532 221 25 88 E-Mail : &hellip; <\/p>\n","protected":false},"author":1,"featured_media":0,"parent":0,"menu_order":0,"comment_status":"closed","ping_status":"closed","template":"","meta":[],"_links":{"self":[{"href":"https:\/\/www.al-beyapi.com\/index.php\/wp-json\/wp\/v2\/pages\/26"}],"collection":[{"href":"https:\/\/www.al-beyapi.com\/index.php\/wp-json\/wp\/v2\/pages"}],"about":[{"href":"https:\/\/www.al-beyapi.com\/index.php\/wp-json\/wp\/v2\/types\/page"}],"author":[{"embeddable":true,"href":"https:\/\/www.al-beyapi.com\/index.php\/wp-json\/wp\/v2\/users\/1"}],"replies":[{"embeddable":true,"href":"https:\/\/www.al-beyapi.com\/index.php\/wp-json\/wp\/v2\/comments?post=26"}],"version-history":[{"count":9,"href":"https:\/\/www.al-beyapi.com\/index.php\/wp-json\/wp\/v2\/pages\/26\/revisions"}],"predecessor-version":[{"id":179,"href":"https:\/\/www.al-beyapi.com\/index.php\/wp-json\/wp\/v2\/pages\/26\/revisions\/179"}],"wp:attachment":[{"href":"https:\/\/www.al-beyapi.com\/index.php\/wp-json\/wp\/v2\/media?parent=26"}],"curies":[{"name":"wp","href":"https:\/\/api.w.org\/{rel}","templated":true}]}}