{"id":57,"date":"2019-07-13T17:21:43","date_gmt":"2019-07-13T17:21:43","guid":{"rendered":"http:\/\/www.al-beyapi.com\/?page_id=57"},"modified":"2019-07-13T17:56:54","modified_gmt":"2019-07-13T17:56:54","slug":"siding-nedir","status":"publish","type":"page","link":"https:\/\/www.al-beyapi.com\/index.php\/siding-nedir\/","title":{"rendered":"Neden American Siding?"},"content":{"rendered":"\n<ul class=\"wp-block-gallery columns-1 is-cropped wp-block-gallery-1 is-layout-flex\"><li class=\"blocks-gallery-item\"><figure><img decoding=\"async\" loading=\"lazy\" width=\"952\" height=\"406\" src=\"http:\/\/www.al-beyapi.com\/wp-content\/uploads\/2019\/07\/bitmap-1299-1328.jpg\" alt=\"\" data-id=\"79\" data-link=\"http:\/\/www.al-beyapi.com\/index.php\/siding-nedir\/bitmap-1299-1328\/\" class=\"wp-image-79\" srcset=\"https:\/\/www.al-beyapi.com\/wp-content\/uploads\/2019\/07\/bitmap-1299-1328.jpg 952w, https:\/\/www.al-beyapi.com\/wp-content\/uploads\/2019\/07\/bitmap-1299-1328-300x128.jpg 300w, https:\/\/www.al-beyapi.com\/wp-content\/uploads\/2019\/07\/bitmap-1299-1328-768x328.jpg 768w\" sizes=\"(max-width: 952px) 100vw, 952px\" \/><\/figure><\/li><\/ul>\n\n\n\n<h3 class=\"wp-block-heading\">Evinizi Z\u0131rh Gibi Korur<\/h3>\n\n\n\n<figure class=\"wp-block-image\"><img decoding=\"async\" src=\"https:\/\/www.americansiding.com.tr\/sites\/1\/upload\/images\/m\/1-1291-1319.png\" alt=\"1-1291\"\/><\/figure>\n\n\n\n<p>American Siding Armor Color teknolojisi, termal dif\u00fczyon ajanlar\u0131 ile G\u00fcne\u015ften gelen \u0131\u015f\u0131nlar\u0131n neden olabilece\u011fi deformasyonlara kar\u015f\u0131 siding panellerini korur.<\/p>\n\n\n\n<h3 class=\"wp-block-heading\">%55&#8217;e Varan Tasarruf<\/h3>\n\n\n\n<figure class=\"wp-block-image\"><img decoding=\"async\" src=\"https:\/\/www.americansiding.com.tr\/sites\/1\/upload\/images\/m\/d3-1296-1322.png\" alt=\"d3-1296\"\/><\/figure>\n\n\n\n<p>American Siding Mantolama Sistemi, m\u00fckemmel yal\u0131t\u0131m \u00f6zelli\u011fi sayesinde uygulama yap\u0131lan yap\u0131larda %55\u2019e varan tasarruf sa\u011flar.<\/p>\n\n\n\n<h3 class=\"wp-block-heading\">Garanti Alt\u0131ndas\u0131n\u0131z<\/h3>\n\n\n\n<figure class=\"wp-block-image\"><img decoding=\"async\" src=\"https:\/\/www.americansiding.com.tr\/sites\/1\/upload\/images\/m\/5-1290-1324.png\" alt=\"5-1290\"\/><\/figure>\n\n\n\n<p>American Siding sistemi 50 y\u0131l kapsaml\u0131 garanti ile yap\u0131 \u00f6mr\u00fc boyunca konfor sunar. \u00dcretici firma teknik ekibi taraf\u0131ndan periyodik olarak uygulama kontrol\u00fc sa\u011flan\u0131r.<\/p>\n\n\n\n<h3 class=\"wp-block-heading\">Alev Almayan \u0130norganik Yap\u0131<\/h3>\n\n\n\n<figure class=\"wp-block-image\"><img decoding=\"async\" src=\"https:\/\/www.americansiding.com.tr\/sites\/1\/upload\/images\/m\/d1-1295-1326.png\" alt=\"d1-1295\"\/><\/figure>\n\n\n\n<p>Kaplama panelinin form\u00fcl\u00fcndeki inorganik yap\u0131 sayesinde alev almaz ve kendisini s\u00f6nd\u00fcr\u00fcr.<\/p>\n\n\n\n<h3 class=\"wp-block-heading\">Korozyon ve Neme Kar\u015f\u0131 Koruma<\/h3>\n\n\n\n<figure class=\"wp-block-image\"><img decoding=\"async\" src=\"https:\/\/www.americansiding.com.tr\/sites\/1\/upload\/images\/m\/icon-1-1353.png\" alt=\"icon-1\"\/><\/figure>\n\n\n\n<p>Uygulamada kullan\u0131lan buhar dengeleyici ve sistem alt yap\u0131s\u0131nda kullan\u0131lan ta\u015f y\u00fcn\u00fc levhalar\u0131 ile hem \u0131s\u0131, hem de yang\u0131n yal\u0131t\u0131m\u0131 sa\u011flar. Buhar dengeleyici sayesinde d\u0131\u015f cepheden bina y\u00fczeyine herhangi bir nem ge\u00e7i\u015fine engel olarak, hava alan yap\u0131y\u0131 korur ve sistem i\u00e7erisinde dura\u011fan ve kuru hava ortam\u0131 sa\u011flar. American Siding Mantolama Sistemi bu sayede d\u0131\u015f duvarlar\u0131n \u00f6mr\u00fcn\u00fc uzatarak, ta\u015f\u0131y\u0131c\u0131 kolon ve kiri\u015flerin hasara u\u011framas\u0131n\u0131 engeller, korozyona kar\u015f\u0131 korur. \u0130\u00e7 duvarlarda k\u00fcf ve bakteri olu\u015fumunun \u00f6n\u00fcne ge\u00e7er.<\/p>\n\n\n\n<h3 class=\"wp-block-heading\">Alternatiflerine G\u00f6re \u00c7ok Daha Hafif<\/h3>\n\n\n\n<figure class=\"wp-block-image\"><img decoding=\"async\" src=\"https:\/\/www.americansiding.com.tr\/sites\/1\/upload\/images\/m\/d4-1298-1325.png\" alt=\"d4-1298\"\/><\/figure>\n\n\n\n<p>Bina cephesine m\u00b2\u2019ye alternatif (geleneksel) cephe uygulamalar\u0131na g\u00f6re \u00e7ok daha az bir y\u00fck bindirerek ana yap\u0131n\u0131n gereksiz y\u00fck alt\u0131nda ya\u015flanmas\u0131n\u0131 \u00f6nler.<\/p>\n\n\n\n<h3 class=\"wp-block-heading\">90 km\/h H\u0131za Kadar Dayan\u0131kl\u0131<\/h3>\n\n\n\n<figure class=\"wp-block-image\"><img decoding=\"async\" src=\"https:\/\/www.americansiding.com.tr\/sites\/1\/upload\/images\/m\/3-1288-1327.png\" alt=\"3-1288\"\/><\/figure>\n\n\n\n<p>American Siding sistem elemanlar\u0131 sayesinde bina k\u00f6\u015felerinde ekstra mukavemet sa\u011flar ve 90&nbsp;<sup>km<\/sup>\/<sub>h<\/sub>&nbsp;&#8216;e kadar olan r\u00fczgara kar\u015f\u0131 direnir.<\/p>\n\n\n\n<h3 class=\"wp-block-heading\">Pratik ve H\u0131zl\u0131 Montaj<\/h3>\n\n\n\n<figure class=\"wp-block-image\"><img decoding=\"async\" src=\"https:\/\/www.americansiding.com.tr\/sites\/1\/upload\/images\/m\/4-1293-1320.png\" alt=\"4-1293\"\/><\/figure>\n\n\n\n<p>American Siding panelleri \u00fczerinde bulunan \u00f6zel kilitleme sistemi sayesinde h\u0131zl\u0131 ve sa\u011flam montaj imkan\u0131 sunar.<\/p>\n\n\n\n<h3 class=\"wp-block-heading\">Uzun \u00d6m\u00fcrl\u00fc Estetik Yal\u0131t\u0131m<\/h3>\n\n\n\n<figure class=\"wp-block-image\"><img decoding=\"async\" src=\"https:\/\/www.americansiding.com.tr\/sites\/1\/upload\/images\/m\/icon-3-1355.png\" alt=\"icon-3\"\/><\/figure>\n\n\n\n<p>American Siding Mantolama Sistemi \u0131s\u0131 farkl\u0131l\u0131klar\u0131, yery\u00fcz\u00fc hareketleri, mevsimsel ko\u015fullar gibi en zor \u015fartlar alt\u0131nda bile \u00e7al\u0131\u015fabilme \u00f6zelli\u011fi sayesinde yap\u0131s\u0131 bozulmadan, solmayan renkleri ile yap\u0131lar\u0131n\u0131z\u0131 y\u0131llarca korur.<\/p>\n\n\n\n<h3 class=\"wp-block-heading\">Boya-Bak\u0131m Masraf\u0131 Yok<\/h3>\n\n\n\n<figure class=\"wp-block-image\"><img decoding=\"async\" src=\"https:\/\/www.americansiding.com.tr\/sites\/1\/upload\/images\/m\/icon-2-1354.png\" alt=\"icon-2\"\/><\/figure>\n\n\n\n<p>American Siding Mantolama Sistemi\u2019nin uyguland\u0131\u011f\u0131 yap\u0131larda yap\u0131 \u00f6mr\u00fc boyunca hi\u00e7 bir boya bak\u0131m masraf\u0131 gerektirmez.<\/p>\n\n\n\n<h3 class=\"wp-block-heading\">Koyu Mat Renklerle Bulu\u015fma<\/h3>\n\n\n\n<figure class=\"wp-block-image\"><img decoding=\"async\" src=\"https:\/\/www.americansiding.com.tr\/sites\/1\/upload\/images\/m\/2-1289-1317.png\" alt=\"2-1289\"\/><\/figure>\n\n\n\n<p>American Siding Shield Color teknolojisi, koyu mat renkli (Platin ve Private renk grubu) \u00fcr\u00fcnlerde akrilik malzeme kullanarak G\u00fcne\u015f\u2019in UV \u0131\u015f\u0131nlar\u0131na kar\u015f\u0131 siding panellerinin renklrini korur.<\/p>\n\n\n\n<h3 class=\"wp-block-heading\">Kal\u0131nl\u0131k<\/h3>\n\n\n\n<figure class=\"wp-block-image\"><img decoding=\"async\" src=\"https:\/\/www.americansiding.com.tr\/sites\/1\/upload\/images\/m\/6-1292-1323.png\" alt=\"6-1292\"\/><\/figure>\n\n\n\n<p>American Siding panelleri 1,10 mm kal\u0131nl\u0131kta \u00fcretilerek y\u00fcksek mukavemet, rijitlik ve darbe direnci sunar.<\/p>\n\n\n\n<h3 class=\"wp-block-heading\">Kolay Temizlenir<\/h3>\n\n\n\n<figure class=\"wp-block-image\"><img decoding=\"async\" src=\"https:\/\/www.americansiding.com.tr\/sites\/1\/upload\/images\/m\/d2-1297-1321.png\" alt=\"d2-1297\"\/><\/figure>\n\n\n\n<p>American Siding Mantolama Sistemi panelleri yar\u0131 parlak \u00fcretilmesi nedeni ile do\u011faya tam uyum sa\u011flayarak m\u00fckemmel bir temizlenme kolayl\u0131\u011f\u0131 getirir.<\/p>\n\n\n\n<h3 class=\"wp-block-heading\">Do\u011fru Se\u00e7im<\/h3>\n\n\n\n<figure class=\"wp-block-image\"><img decoding=\"async\" src=\"https:\/\/www.americansiding.com.tr\/sites\/1\/upload\/images\/m\/7-1294-1318.png\" alt=\"7-1294\"\/><\/figure>\n\n\n\n<p>\u0130norganik yap\u0131s\u0131 ve \u00e7evreci \u00fcretim teknolojisi ile alternatif cephe kaplama malzemelerine k\u0131yasla \u00e7evre dostu bir sistemdir.\n\n<\/p>\n","protected":false},"excerpt":{"rendered":"<p>Evinizi Z\u0131rh Gibi Korur American Siding Armor Color teknolojisi, termal dif\u00fczyon ajanlar\u0131 ile G\u00fcne\u015ften gelen \u0131\u015f\u0131nlar\u0131n neden olabilece\u011fi deformasyonlara kar\u015f\u0131 &hellip; <\/p>\n","protected":false},"author":1,"featured_media":0,"parent":0,"menu_order":0,"comment_status":"closed","ping_status":"closed","template":"","meta":[],"_links":{"self":[{"href":"https:\/\/www.al-beyapi.com\/index.php\/wp-json\/wp\/v2\/pages\/57"}],"collection":[{"href":"https:\/\/www.al-beyapi.com\/index.php\/wp-json\/wp\/v2\/pages"}],"about":[{"href":"https:\/\/www.al-beyapi.com\/index.php\/wp-json\/wp\/v2\/types\/page"}],"author":[{"embeddable":true,"href":"https:\/\/www.al-beyapi.com\/index.php\/wp-json\/wp\/v2\/users\/1"}],"replies":[{"embeddable":true,"href":"https:\/\/www.al-beyapi.com\/index.php\/wp-json\/wp\/v2\/comments?post=57"}],"version-history":[{"count":3,"href":"https:\/\/www.al-beyapi.com\/index.php\/wp-json\/wp\/v2\/pages\/57\/revisions"}],"predecessor-version":[{"id":81,"href":"https:\/\/www.al-beyapi.com\/index.php\/wp-json\/wp\/v2\/pages\/57\/revisions\/81"}],"wp:attachment":[{"href":"https:\/\/www.al-beyapi.com\/index.php\/wp-json\/wp\/v2\/media?parent=57"}],"curies":[{"name":"wp","href":"https:\/\/api.w.org\/{rel}","templated":true}]}}