{"id":58,"date":"2019-07-13T17:21:43","date_gmt":"2019-07-13T17:21:43","guid":{"rendered":"http:\/\/www.al-beyapi.com\/?page_id=58"},"modified":"2019-07-13T18:41:56","modified_gmt":"2019-07-13T18:41:56","slug":"urunler","status":"publish","type":"page","link":"https:\/\/www.al-beyapi.com\/index.php\/urunler\/","title":{"rendered":"\u00dcr\u00fcnler"},"content":{"rendered":"\n<h2 class=\"wp-block-heading\"><strong>Yal\u0131 Bask\u0131<\/strong><\/h2>\n\n\n\n<p>Osmanl\u0131 mimarisi zerafetinin g\u00fcn\u00fcm\u00fcze yans\u0131mas\u0131 \u015feklinde de\u011ferlendirilen yal\u0131 bask\u0131 modeli, 0.046&#8243; kal\u0131nl\u0131\u011f\u0131nda ve 3,81 mt profil uzunlu\u011funda \u00fcretilmektedir. 10 farkl\u0131 renk se\u00e7ene\u011fi bulunmaktad\u0131r. <\/p>\n\n\n\n<p> Her bir pakette bulunan 25 adet profil toplamda 19.5 m2 alan\u0131 kaplayabilmektedir.<\/p>\n\n\n\n<ul class=\"wp-block-gallery columns-3 is-cropped wp-block-gallery-1 is-layout-flex\"><li class=\"blocks-gallery-item\"><figure><img decoding=\"async\" loading=\"lazy\" width=\"813\" height=\"343\" src=\"http:\/\/www.al-beyapi.com\/wp-content\/uploads\/2019\/07\/yal\u01315.jpg\" alt=\"\" data-id=\"87\" data-link=\"http:\/\/www.al-beyapi.com\/index.php\/urunler\/yali5\/\" class=\"wp-image-87\" srcset=\"https:\/\/www.al-beyapi.com\/wp-content\/uploads\/2019\/07\/yal\u01315.jpg 813w, https:\/\/www.al-beyapi.com\/wp-content\/uploads\/2019\/07\/yal\u01315-300x127.jpg 300w, https:\/\/www.al-beyapi.com\/wp-content\/uploads\/2019\/07\/yal\u01315-768x324.jpg 768w\" sizes=\"(max-width: 813px) 100vw, 813px\" \/><figcaption>Yal\u0131 Bask\u0131<\/figcaption><\/figure><\/li><li class=\"blocks-gallery-item\"><figure><img decoding=\"async\" loading=\"lazy\" width=\"813\" height=\"343\" src=\"http:\/\/www.al-beyapi.com\/wp-content\/uploads\/2019\/07\/yal\u01312-1.jpg\" alt=\"\" data-id=\"88\" data-link=\"http:\/\/www.al-beyapi.com\/index.php\/urunler\/yali2-1\/\" class=\"wp-image-88\" srcset=\"https:\/\/www.al-beyapi.com\/wp-content\/uploads\/2019\/07\/yal\u01312-1.jpg 813w, https:\/\/www.al-beyapi.com\/wp-content\/uploads\/2019\/07\/yal\u01312-1-300x127.jpg 300w, https:\/\/www.al-beyapi.com\/wp-content\/uploads\/2019\/07\/yal\u01312-1-768x324.jpg 768w\" sizes=\"(max-width: 813px) 100vw, 813px\" \/><figcaption>Yal\u0131 Bask\u0131<\/figcaption><\/figure><\/li><li class=\"blocks-gallery-item\"><figure><img decoding=\"async\" loading=\"lazy\" width=\"813\" height=\"343\" src=\"http:\/\/www.al-beyapi.com\/wp-content\/uploads\/2019\/07\/yal\u01313-1.jpg\" alt=\"\" data-id=\"89\" data-link=\"http:\/\/www.al-beyapi.com\/index.php\/urunler\/yali3-1\/\" class=\"wp-image-89\" srcset=\"https:\/\/www.al-beyapi.com\/wp-content\/uploads\/2019\/07\/yal\u01313-1.jpg 813w, https:\/\/www.al-beyapi.com\/wp-content\/uploads\/2019\/07\/yal\u01313-1-300x127.jpg 300w, https:\/\/www.al-beyapi.com\/wp-content\/uploads\/2019\/07\/yal\u01313-1-768x324.jpg 768w\" sizes=\"(max-width: 813px) 100vw, 813px\" \/><figcaption>Yal\u0131 Bask\u0131<\/figcaption><\/figure><\/li><li class=\"blocks-gallery-item\"><figure><img decoding=\"async\" loading=\"lazy\" width=\"813\" height=\"343\" src=\"http:\/\/www.al-beyapi.com\/wp-content\/uploads\/2019\/07\/yal\u01314-1.jpg\" alt=\"\" data-id=\"90\" data-link=\"http:\/\/www.al-beyapi.com\/index.php\/urunler\/yali4-1\/\" class=\"wp-image-90\" srcset=\"https:\/\/www.al-beyapi.com\/wp-content\/uploads\/2019\/07\/yal\u01314-1.jpg 813w, https:\/\/www.al-beyapi.com\/wp-content\/uploads\/2019\/07\/yal\u01314-1-300x127.jpg 300w, https:\/\/www.al-beyapi.com\/wp-content\/uploads\/2019\/07\/yal\u01314-1-768x324.jpg 768w\" sizes=\"(max-width: 813px) 100vw, 813px\" \/><figcaption>Yal\u0131 Bask\u0131<\/figcaption><\/figure><\/li><\/ul>\n\n\n\n<h2 class=\"wp-block-heading\">Tekne Bask\u0131<\/h2>\n\n\n\n<p>American Siding&#8217;in \u00fcr\u00fcn tipleri i\u00e7erisinde yeralan ve tasar\u0131m itibariyle \u00e7ok\u00e7a tercih edilen tekne bask\u0131 modeli, 0.046&#8243; kal\u0131nl\u0131\u011f\u0131nda ve 3,81 mt profil uzunlu\u011funda \u00fcretilmektedir.<\/p>\n\n\n\n<p>Plus, Platin ve Private serileri ile 3 farkl\u0131 renk skalas\u0131nda toplam 14 farkl\u0131 renk se\u00e7ene\u011fi bulunmaktad\u0131r.<\/p>\n\n\n\n<p>Herbir pakette bulunan 25 adet profil toplamda 19.5 m2 alan\u0131 kaplayabilmektedir.<\/p>\n\n\n\n<ul class=\"wp-block-gallery columns-3 is-cropped wp-block-gallery-3 is-layout-flex\"><li class=\"blocks-gallery-item\"><figure><img decoding=\"async\" loading=\"lazy\" width=\"813\" height=\"343\" src=\"http:\/\/www.al-beyapi.com\/wp-content\/uploads\/2019\/07\/tekne1.jpg\" alt=\"\" data-id=\"91\" data-link=\"http:\/\/www.al-beyapi.com\/index.php\/urunler\/tekne1\/\" class=\"wp-image-91\" srcset=\"https:\/\/www.al-beyapi.com\/wp-content\/uploads\/2019\/07\/tekne1.jpg 813w, https:\/\/www.al-beyapi.com\/wp-content\/uploads\/2019\/07\/tekne1-300x127.jpg 300w, https:\/\/www.al-beyapi.com\/wp-content\/uploads\/2019\/07\/tekne1-768x324.jpg 768w\" sizes=\"(max-width: 813px) 100vw, 813px\" \/><figcaption>Tekne Bask\u0131<\/figcaption><\/figure><\/li><li class=\"blocks-gallery-item\"><figure><img decoding=\"async\" loading=\"lazy\" width=\"813\" height=\"343\" src=\"http:\/\/www.al-beyapi.com\/wp-content\/uploads\/2019\/07\/tekne2.jpg\" alt=\"\" data-id=\"92\" data-link=\"http:\/\/www.al-beyapi.com\/index.php\/urunler\/tekne2\/\" class=\"wp-image-92\" srcset=\"https:\/\/www.al-beyapi.com\/wp-content\/uploads\/2019\/07\/tekne2.jpg 813w, https:\/\/www.al-beyapi.com\/wp-content\/uploads\/2019\/07\/tekne2-300x127.jpg 300w, https:\/\/www.al-beyapi.com\/wp-content\/uploads\/2019\/07\/tekne2-768x324.jpg 768w\" sizes=\"(max-width: 813px) 100vw, 813px\" \/><figcaption> Tekne Bask\u0131 <\/figcaption><\/figure><\/li><li class=\"blocks-gallery-item\"><figure><img decoding=\"async\" loading=\"lazy\" width=\"813\" height=\"343\" src=\"http:\/\/www.al-beyapi.com\/wp-content\/uploads\/2019\/07\/tekne3.jpg\" alt=\"\" data-id=\"93\" data-link=\"http:\/\/www.al-beyapi.com\/index.php\/urunler\/sanyo-digital-camera\/\" class=\"wp-image-93\" srcset=\"https:\/\/www.al-beyapi.com\/wp-content\/uploads\/2019\/07\/tekne3.jpg 813w, https:\/\/www.al-beyapi.com\/wp-content\/uploads\/2019\/07\/tekne3-300x127.jpg 300w, https:\/\/www.al-beyapi.com\/wp-content\/uploads\/2019\/07\/tekne3-768x324.jpg 768w\" sizes=\"(max-width: 813px) 100vw, 813px\" \/><figcaption> Tekne Bask\u0131 <\/figcaption><\/figure><\/li><li class=\"blocks-gallery-item\"><figure><img decoding=\"async\" loading=\"lazy\" width=\"813\" height=\"343\" src=\"http:\/\/www.al-beyapi.com\/wp-content\/uploads\/2019\/07\/tekne4.jpg\" alt=\"\" data-id=\"94\" data-link=\"http:\/\/www.al-beyapi.com\/index.php\/urunler\/tekne4\/\" class=\"wp-image-94\" srcset=\"https:\/\/www.al-beyapi.com\/wp-content\/uploads\/2019\/07\/tekne4.jpg 813w, https:\/\/www.al-beyapi.com\/wp-content\/uploads\/2019\/07\/tekne4-300x127.jpg 300w, https:\/\/www.al-beyapi.com\/wp-content\/uploads\/2019\/07\/tekne4-768x324.jpg 768w\" sizes=\"(max-width: 813px) 100vw, 813px\" \/><figcaption> Tekne Bask\u0131 <\/figcaption><\/figure><\/li><li class=\"blocks-gallery-item\"><figure><img decoding=\"async\" loading=\"lazy\" width=\"813\" height=\"343\" src=\"http:\/\/www.al-beyapi.com\/wp-content\/uploads\/2019\/07\/tekne5.jpg\" alt=\"\" data-id=\"95\" data-link=\"http:\/\/www.al-beyapi.com\/index.php\/urunler\/tekne5\/\" class=\"wp-image-95\" srcset=\"https:\/\/www.al-beyapi.com\/wp-content\/uploads\/2019\/07\/tekne5.jpg 813w, https:\/\/www.al-beyapi.com\/wp-content\/uploads\/2019\/07\/tekne5-300x127.jpg 300w, https:\/\/www.al-beyapi.com\/wp-content\/uploads\/2019\/07\/tekne5-768x324.jpg 768w\" sizes=\"(max-width: 813px) 100vw, 813px\" \/><figcaption> Tekne Bask\u0131 <\/figcaption><\/figure><\/li><li class=\"blocks-gallery-item\"><figure><img decoding=\"async\" loading=\"lazy\" width=\"813\" height=\"343\" src=\"http:\/\/www.al-beyapi.com\/wp-content\/uploads\/2019\/07\/tekne6.jpg\" alt=\"\" data-id=\"96\" data-link=\"http:\/\/www.al-beyapi.com\/index.php\/urunler\/tekne6\/\" class=\"wp-image-96\" srcset=\"https:\/\/www.al-beyapi.com\/wp-content\/uploads\/2019\/07\/tekne6.jpg 813w, https:\/\/www.al-beyapi.com\/wp-content\/uploads\/2019\/07\/tekne6-300x127.jpg 300w, https:\/\/www.al-beyapi.com\/wp-content\/uploads\/2019\/07\/tekne6-768x324.jpg 768w\" sizes=\"(max-width: 813px) 100vw, 813px\" \/><figcaption> Tekne Bask\u0131 <\/figcaption><\/figure><\/li><\/ul>\n\n\n\n<h2 class=\"wp-block-heading\">Bungalow Bask\u0131<\/h2>\n\n\n\n<p> American Siding&#8217;in \u00fcr\u00fcn tipleri i\u00e7erisinde yeralan ve fark\u0131 tasar\u0131m\u0131yla olduk\u00e7a ilgi g\u00f6ren Bungalow bask\u0131 modeli, 0.046&#8243; kal\u0131nl\u0131\u011f\u0131nda ve 3,81 mt profil uzunlu\u011funda \u00fcretilmektedir. <\/p>\n\n\n\n<p>\n\nPlus, Platin ve Private serileri ile 3 fark\u0131 renk skalas\u0131nda toplam 10 farkl\u0131 renk se\u00e7ene\u011fi bulunmaktad\u0131r.\n\n<\/p>\n\n\n\n<p> Her bir pakette bulunan 25 adet profil toplamda 19.5 m2 alan\u0131 kaplayabilmektedir.<\/p>\n\n\n\n<ul class=\"wp-block-gallery columns-3 is-cropped wp-block-gallery-5 is-layout-flex\"><li class=\"blocks-gallery-item\"><figure><img decoding=\"async\" loading=\"lazy\" width=\"813\" height=\"343\" src=\"http:\/\/www.al-beyapi.com\/wp-content\/uploads\/2019\/07\/bunga1.jpg\" alt=\"\" data-id=\"101\" data-link=\"http:\/\/www.al-beyapi.com\/index.php\/urunler\/bunga1\/\" class=\"wp-image-101\" srcset=\"https:\/\/www.al-beyapi.com\/wp-content\/uploads\/2019\/07\/bunga1.jpg 813w, https:\/\/www.al-beyapi.com\/wp-content\/uploads\/2019\/07\/bunga1-300x127.jpg 300w, https:\/\/www.al-beyapi.com\/wp-content\/uploads\/2019\/07\/bunga1-768x324.jpg 768w\" sizes=\"(max-width: 813px) 100vw, 813px\" \/><figcaption>Bungalow Bask\u0131<\/figcaption><\/figure><\/li><li class=\"blocks-gallery-item\"><figure><img decoding=\"async\" loading=\"lazy\" width=\"813\" height=\"343\" src=\"http:\/\/www.al-beyapi.com\/wp-content\/uploads\/2019\/07\/bunga2.jpg\" alt=\"\" data-id=\"102\" data-link=\"http:\/\/www.al-beyapi.com\/index.php\/urunler\/bunga2\/\" class=\"wp-image-102\" srcset=\"https:\/\/www.al-beyapi.com\/wp-content\/uploads\/2019\/07\/bunga2.jpg 813w, https:\/\/www.al-beyapi.com\/wp-content\/uploads\/2019\/07\/bunga2-300x127.jpg 300w, https:\/\/www.al-beyapi.com\/wp-content\/uploads\/2019\/07\/bunga2-768x324.jpg 768w\" sizes=\"(max-width: 813px) 100vw, 813px\" \/><figcaption>Bungalow Bask\u0131<\/figcaption><\/figure><\/li><li class=\"blocks-gallery-item\"><figure><img decoding=\"async\" loading=\"lazy\" width=\"813\" height=\"343\" src=\"http:\/\/www.al-beyapi.com\/wp-content\/uploads\/2019\/07\/bunga3.jpg\" alt=\"\" data-id=\"103\" data-link=\"http:\/\/www.al-beyapi.com\/index.php\/urunler\/bunga3\/\" class=\"wp-image-103\" srcset=\"https:\/\/www.al-beyapi.com\/wp-content\/uploads\/2019\/07\/bunga3.jpg 813w, https:\/\/www.al-beyapi.com\/wp-content\/uploads\/2019\/07\/bunga3-300x127.jpg 300w, https:\/\/www.al-beyapi.com\/wp-content\/uploads\/2019\/07\/bunga3-768x324.jpg 768w\" sizes=\"(max-width: 813px) 100vw, 813px\" \/><figcaption>Bungalow Bask\u0131<\/figcaption><\/figure><\/li><li class=\"blocks-gallery-item\"><figure><img decoding=\"async\" loading=\"lazy\" width=\"813\" height=\"343\" src=\"http:\/\/www.al-beyapi.com\/wp-content\/uploads\/2019\/07\/bunga4.jpg\" alt=\"\" data-id=\"104\" data-link=\"http:\/\/www.al-beyapi.com\/index.php\/urunler\/bunga4\/\" class=\"wp-image-104\" srcset=\"https:\/\/www.al-beyapi.com\/wp-content\/uploads\/2019\/07\/bunga4.jpg 813w, https:\/\/www.al-beyapi.com\/wp-content\/uploads\/2019\/07\/bunga4-300x127.jpg 300w, https:\/\/www.al-beyapi.com\/wp-content\/uploads\/2019\/07\/bunga4-768x324.jpg 768w\" sizes=\"(max-width: 813px) 100vw, 813px\" \/><figcaption>Bungalow Bask\u0131<\/figcaption><\/figure><\/li><li class=\"blocks-gallery-item\"><figure><img decoding=\"async\" loading=\"lazy\" width=\"813\" height=\"343\" src=\"http:\/\/www.al-beyapi.com\/wp-content\/uploads\/2019\/07\/bunga5.jpg\" alt=\"\" data-id=\"105\" data-link=\"http:\/\/www.al-beyapi.com\/index.php\/urunler\/bunga5\/\" class=\"wp-image-105\" srcset=\"https:\/\/www.al-beyapi.com\/wp-content\/uploads\/2019\/07\/bunga5.jpg 813w, https:\/\/www.al-beyapi.com\/wp-content\/uploads\/2019\/07\/bunga5-300x127.jpg 300w, https:\/\/www.al-beyapi.com\/wp-content\/uploads\/2019\/07\/bunga5-768x324.jpg 768w\" sizes=\"(max-width: 813px) 100vw, 813px\" \/><figcaption>Bungalow Bask\u0131<\/figcaption><\/figure><\/li><\/ul>\n\n\n\n<h2 class=\"wp-block-heading\">Sa\u00e7ak Alt\u0131 Profili<\/h2>\n\n\n\n<p>Balkon, sa\u00e7ak ve konsol altlar\u0131nda kullan\u0131lan siding panelidir. D\u0131\u015f cephe kaplama malzemesi olarak ta kullan\u0131labilen soffit; delikli ve deliksiz olarak \u00fcretilmektedir. <\/p>\n\n\n\n<p>Soffit, 0.046&#8243; kal\u0131nl\u0131\u011f\u0131nda ve 3,81 mt profil uzunlu\u011funda \u00fcretilmektedir.Plus ve Platin serilerinde 2 farkl\u0131 renk se\u00e7ene\u011fi bulunmaktad\u0131r. <\/p>\n\n\n\n<p>Her bir pakette bulunan 20 adet profil toplamda 21,2 m2 alan\u0131 kaplayabilmektedir.<\/p>\n\n\n\n<ul class=\"wp-block-gallery columns-3 is-cropped wp-block-gallery-7 is-layout-flex\"><li class=\"blocks-gallery-item\"><figure><img decoding=\"async\" loading=\"lazy\" width=\"813\" height=\"343\" src=\"http:\/\/www.al-beyapi.com\/wp-content\/uploads\/2019\/07\/Soffit1.jpg\" alt=\"\" data-id=\"107\" data-link=\"http:\/\/www.al-beyapi.com\/index.php\/urunler\/soffit1\/\" class=\"wp-image-107\" srcset=\"https:\/\/www.al-beyapi.com\/wp-content\/uploads\/2019\/07\/Soffit1.jpg 813w, https:\/\/www.al-beyapi.com\/wp-content\/uploads\/2019\/07\/Soffit1-300x127.jpg 300w, https:\/\/www.al-beyapi.com\/wp-content\/uploads\/2019\/07\/Soffit1-768x324.jpg 768w\" sizes=\"(max-width: 813px) 100vw, 813px\" \/><figcaption>Soffit<\/figcaption><\/figure><\/li><li class=\"blocks-gallery-item\"><figure><img decoding=\"async\" loading=\"lazy\" width=\"813\" height=\"343\" src=\"http:\/\/www.al-beyapi.com\/wp-content\/uploads\/2019\/07\/Soffit2.jpg\" alt=\"\" data-id=\"108\" data-link=\"http:\/\/www.al-beyapi.com\/index.php\/urunler\/soffit2\/\" class=\"wp-image-108\" srcset=\"https:\/\/www.al-beyapi.com\/wp-content\/uploads\/2019\/07\/Soffit2.jpg 813w, https:\/\/www.al-beyapi.com\/wp-content\/uploads\/2019\/07\/Soffit2-300x127.jpg 300w, https:\/\/www.al-beyapi.com\/wp-content\/uploads\/2019\/07\/Soffit2-768x324.jpg 768w\" sizes=\"(max-width: 813px) 100vw, 813px\" \/><figcaption> Soffit <\/figcaption><\/figure><\/li><li class=\"blocks-gallery-item\"><figure><img decoding=\"async\" loading=\"lazy\" width=\"813\" height=\"343\" src=\"http:\/\/www.al-beyapi.com\/wp-content\/uploads\/2019\/07\/Soffit3.jpg\" alt=\"\" data-id=\"109\" data-link=\"http:\/\/www.al-beyapi.com\/index.php\/urunler\/soffit3\/\" class=\"wp-image-109\" srcset=\"https:\/\/www.al-beyapi.com\/wp-content\/uploads\/2019\/07\/Soffit3.jpg 813w, https:\/\/www.al-beyapi.com\/wp-content\/uploads\/2019\/07\/Soffit3-300x127.jpg 300w, https:\/\/www.al-beyapi.com\/wp-content\/uploads\/2019\/07\/Soffit3-768x324.jpg 768w\" sizes=\"(max-width: 813px) 100vw, 813px\" \/><figcaption> Soffit <\/figcaption><\/figure><\/li><li class=\"blocks-gallery-item\"><figure><img decoding=\"async\" loading=\"lazy\" width=\"813\" height=\"343\" src=\"http:\/\/www.al-beyapi.com\/wp-content\/uploads\/2019\/07\/Soffit4.jpg\" alt=\"\" data-id=\"110\" data-link=\"http:\/\/www.al-beyapi.com\/index.php\/urunler\/soffit4\/\" class=\"wp-image-110\" srcset=\"https:\/\/www.al-beyapi.com\/wp-content\/uploads\/2019\/07\/Soffit4.jpg 813w, https:\/\/www.al-beyapi.com\/wp-content\/uploads\/2019\/07\/Soffit4-300x127.jpg 300w, https:\/\/www.al-beyapi.com\/wp-content\/uploads\/2019\/07\/Soffit4-768x324.jpg 768w\" sizes=\"(max-width: 813px) 100vw, 813px\" \/><figcaption> Soffit <\/figcaption><\/figure><\/li><\/ul>\n\n\n\n<figure class=\"wp-block-image\"><img alt=\"\"\/><\/figure>\n\n\n\n<h2 class=\"wp-block-heading\"><\/h2>\n","protected":false},"excerpt":{"rendered":"<p>Yal\u0131 Bask\u0131 Osmanl\u0131 mimarisi zerafetinin g\u00fcn\u00fcm\u00fcze yans\u0131mas\u0131 \u015feklinde de\u011ferlendirilen yal\u0131 bask\u0131 modeli, 0.046&#8243; kal\u0131nl\u0131\u011f\u0131nda ve 3,81 mt profil uzunlu\u011funda \u00fcretilmektedir. &hellip; <\/p>\n","protected":false},"author":1,"featured_media":0,"parent":0,"menu_order":0,"comment_status":"closed","ping_status":"closed","template":"","meta":[],"_links":{"self":[{"href":"https:\/\/www.al-beyapi.com\/index.php\/wp-json\/wp\/v2\/pages\/58"}],"collection":[{"href":"https:\/\/www.al-beyapi.com\/index.php\/wp-json\/wp\/v2\/pages"}],"about":[{"href":"https:\/\/www.al-beyapi.com\/index.php\/wp-json\/wp\/v2\/types\/page"}],"author":[{"embeddable":true,"href":"https:\/\/www.al-beyapi.com\/index.php\/wp-json\/wp\/v2\/users\/1"}],"replies":[{"embeddable":true,"href":"https:\/\/www.al-beyapi.com\/index.php\/wp-json\/wp\/v2\/comments?post=58"}],"version-history":[{"count":6,"href":"https:\/\/www.al-beyapi.com\/index.php\/wp-json\/wp\/v2\/pages\/58\/revisions"}],"predecessor-version":[{"id":112,"href":"https:\/\/www.al-beyapi.com\/index.php\/wp-json\/wp\/v2\/pages\/58\/revisions\/112"}],"wp:attachment":[{"href":"https:\/\/www.al-beyapi.com\/index.php\/wp-json\/wp\/v2\/media?parent=58"}],"curies":[{"name":"wp","href":"https:\/\/api.w.org\/{rel}","templated":true}]}}